{"id":140,"date":"2021-08-01T19:34:57","date_gmt":"2021-08-01T19:34:57","guid":{"rendered":"https:\/\/notedivino.wine\/?page_id=140"},"modified":"2022-09-10T14:34:12","modified_gmt":"2022-09-10T14:34:12","slug":"chi-sono","status":"publish","type":"page","link":"https:\/\/notedivino.wine\/index.php\/chi-sono\/","title":{"rendered":"Chi sono"},"content":{"rendered":"\t\t<div data-elementor-type=\"wp-page\" data-elementor-id=\"140\" class=\"elementor elementor-140\" data-elementor-post-type=\"page\">\n\t\t\t\t\t\t<section class=\"elementor-section elementor-top-section elementor-element elementor-element-9daf918 elementor-section-height-min-height elementor-section-boxed elementor-section-height-default elementor-section-items-middle\" data-id=\"9daf918\" data-element_type=\"section\" data-settings=\"{&quot;jet_parallax_layout_list&quot;:[{&quot;jet_parallax_layout_image&quot;:{&quot;url&quot;:&quot;&quot;,&quot;id&quot;:&quot;&quot;,&quot;size&quot;:&quot;&quot;},&quot;_id&quot;:&quot;8e9c472&quot;,&quot;jet_parallax_layout_image_tablet&quot;:{&quot;url&quot;:&quot;&quot;,&quot;id&quot;:&quot;&quot;,&quot;size&quot;:&quot;&quot;},&quot;jet_parallax_layout_image_mobile&quot;:{&quot;url&quot;:&quot;&quot;,&quot;id&quot;:&quot;&quot;,&quot;size&quot;:&quot;&quot;},&quot;jet_parallax_layout_speed&quot;:{&quot;unit&quot;:&quot;%&quot;,&quot;size&quot;:50,&quot;sizes&quot;:[]},&quot;jet_parallax_layout_type&quot;:&quot;scroll&quot;,&quot;jet_parallax_layout_direction&quot;:null,&quot;jet_parallax_layout_fx_direction&quot;:null,&quot;jet_parallax_layout_z_index&quot;:&quot;&quot;,&quot;jet_parallax_layout_bg_x&quot;:50,&quot;jet_parallax_layout_bg_x_tablet&quot;:&quot;&quot;,&quot;jet_parallax_layout_bg_x_mobile&quot;:&quot;&quot;,&quot;jet_parallax_layout_bg_y&quot;:50,&quot;jet_parallax_layout_bg_y_tablet&quot;:&quot;&quot;,&quot;jet_parallax_layout_bg_y_mobile&quot;:&quot;&quot;,&quot;jet_parallax_layout_bg_size&quot;:&quot;auto&quot;,&quot;jet_parallax_layout_bg_size_tablet&quot;:&quot;&quot;,&quot;jet_parallax_layout_bg_size_mobile&quot;:&quot;&quot;,&quot;jet_parallax_layout_animation_prop&quot;:&quot;transform&quot;,&quot;jet_parallax_layout_on&quot;:[&quot;desktop&quot;,&quot;tablet&quot;]}],&quot;background_background&quot;:&quot;classic&quot;}\">\n\t\t\t\t\t\t<div class=\"elementor-container elementor-column-gap-default\">\n\t\t\t\t\t<div class=\"elementor-column elementor-col-100 elementor-top-column elementor-element elementor-element-239fc17\" data-id=\"239fc17\" data-element_type=\"column\">\n\t\t\t<div class=\"elementor-widget-wrap elementor-element-populated\">\n\t\t\t\t\t\t<div class=\"elementor-element elementor-element-e81d0e0 elementor-hidden-desktop elementor-hidden-tablet elementor-hidden-mobile elementor-widget elementor-widget-heading\" data-id=\"e81d0e0\" data-element_type=\"widget\" data-widget_type=\"heading.default\">\n\t\t\t\t<div class=\"elementor-widget-container\">\n\t\t\t\t\t<h2 class=\"elementor-heading-title elementor-size-default\">Chi sono<\/h2>\t\t\t\t<\/div>\n\t\t\t\t<\/div>\n\t\t\t\t\t<\/div>\n\t\t<\/div>\n\t\t\t\t\t<\/div>\n\t\t<\/section>\n\t\t\t\t<section class=\"elementor-section elementor-top-section elementor-element elementor-element-41c9d1c elementor-section-boxed elementor-section-height-default elementor-section-height-default\" data-id=\"41c9d1c\" data-element_type=\"section\" data-settings=\"{&quot;jet_parallax_layout_list&quot;:[{&quot;jet_parallax_layout_image&quot;:{&quot;url&quot;:&quot;&quot;,&quot;id&quot;:&quot;&quot;,&quot;size&quot;:&quot;&quot;},&quot;_id&quot;:&quot;c2abefb&quot;,&quot;jet_parallax_layout_image_tablet&quot;:{&quot;url&quot;:&quot;&quot;,&quot;id&quot;:&quot;&quot;,&quot;size&quot;:&quot;&quot;},&quot;jet_parallax_layout_image_mobile&quot;:{&quot;url&quot;:&quot;&quot;,&quot;id&quot;:&quot;&quot;,&quot;size&quot;:&quot;&quot;},&quot;jet_parallax_layout_speed&quot;:{&quot;unit&quot;:&quot;%&quot;,&quot;size&quot;:50,&quot;sizes&quot;:[]},&quot;jet_parallax_layout_type&quot;:&quot;scroll&quot;,&quot;jet_parallax_layout_direction&quot;:null,&quot;jet_parallax_layout_fx_direction&quot;:null,&quot;jet_parallax_layout_z_index&quot;:&quot;&quot;,&quot;jet_parallax_layout_bg_x&quot;:50,&quot;jet_parallax_layout_bg_x_tablet&quot;:&quot;&quot;,&quot;jet_parallax_layout_bg_x_mobile&quot;:&quot;&quot;,&quot;jet_parallax_layout_bg_y&quot;:50,&quot;jet_parallax_layout_bg_y_tablet&quot;:&quot;&quot;,&quot;jet_parallax_layout_bg_y_mobile&quot;:&quot;&quot;,&quot;jet_parallax_layout_bg_size&quot;:&quot;auto&quot;,&quot;jet_parallax_layout_bg_size_tablet&quot;:&quot;&quot;,&quot;jet_parallax_layout_bg_size_mobile&quot;:&quot;&quot;,&quot;jet_parallax_layout_animation_prop&quot;:&quot;transform&quot;,&quot;jet_parallax_layout_on&quot;:[&quot;desktop&quot;,&quot;tablet&quot;]}]}\">\n\t\t\t\t\t\t<div class=\"elementor-container elementor-column-gap-default\">\n\t\t\t\t\t<div class=\"elementor-column elementor-col-100 elementor-top-column elementor-element elementor-element-77d5cb9\" data-id=\"77d5cb9\" data-element_type=\"column\">\n\t\t\t<div class=\"elementor-widget-wrap elementor-element-populated\">\n\t\t\t\t\t\t<div class=\"elementor-element elementor-element-53969cf elementor-widget elementor-widget-spacer\" data-id=\"53969cf\" data-element_type=\"widget\" data-widget_type=\"spacer.default\">\n\t\t\t\t<div class=\"elementor-widget-container\">\n\t\t\t\t\t\t\t<div class=\"elementor-spacer\">\n\t\t\t<div class=\"elementor-spacer-inner\"><\/div>\n\t\t<\/div>\n\t\t\t\t\t\t<\/div>\n\t\t\t\t<\/div>\n\t\t\t\t<div class=\"elementor-element elementor-element-65ebfc2 elementor-widget elementor-widget-text-editor\" data-id=\"65ebfc2\" data-element_type=\"widget\" data-widget_type=\"text-editor.default\">\n\t\t\t\t<div class=\"elementor-widget-container\">\n\t\t\t\t\t\t\t\t\t<p>Sono Anna, musicista e sommelier. Amo valorizzare vini di qualit\u00e0 creando esclusivi abbinamenti enomusicali.<\/p>\t\t\t\t\t\t\t\t<\/div>\n\t\t\t\t<\/div>\n\t\t\t\t<div class=\"elementor-element elementor-element-abd4485 elementor-widget elementor-widget-spacer\" data-id=\"abd4485\" data-element_type=\"widget\" data-widget_type=\"spacer.default\">\n\t\t\t\t<div class=\"elementor-widget-container\">\n\t\t\t\t\t\t\t<div class=\"elementor-spacer\">\n\t\t\t<div class=\"elementor-spacer-inner\"><\/div>\n\t\t<\/div>\n\t\t\t\t\t\t<\/div>\n\t\t\t\t<\/div>\n\t\t\t\t\t<\/div>\n\t\t<\/div>\n\t\t\t\t\t<\/div>\n\t\t<\/section>\n\t\t\t\t<section class=\"elementor-section elementor-top-section elementor-element elementor-element-877406c elementor-section-boxed elementor-section-height-default elementor-section-height-default\" data-id=\"877406c\" data-element_type=\"section\" data-settings=\"{&quot;background_background&quot;:&quot;classic&quot;,&quot;jet_parallax_layout_list&quot;:[{&quot;jet_parallax_layout_image&quot;:{&quot;url&quot;:&quot;&quot;,&quot;id&quot;:&quot;&quot;,&quot;size&quot;:&quot;&quot;},&quot;_id&quot;:&quot;ced658b&quot;,&quot;jet_parallax_layout_image_tablet&quot;:{&quot;url&quot;:&quot;&quot;,&quot;id&quot;:&quot;&quot;,&quot;size&quot;:&quot;&quot;},&quot;jet_parallax_layout_image_mobile&quot;:{&quot;url&quot;:&quot;&quot;,&quot;id&quot;:&quot;&quot;,&quot;size&quot;:&quot;&quot;},&quot;jet_parallax_layout_speed&quot;:{&quot;unit&quot;:&quot;%&quot;,&quot;size&quot;:50,&quot;sizes&quot;:[]},&quot;jet_parallax_layout_type&quot;:&quot;scroll&quot;,&quot;jet_parallax_layout_direction&quot;:null,&quot;jet_parallax_layout_fx_direction&quot;:null,&quot;jet_parallax_layout_z_index&quot;:&quot;&quot;,&quot;jet_parallax_layout_bg_x&quot;:50,&quot;jet_parallax_layout_bg_x_tablet&quot;:&quot;&quot;,&quot;jet_parallax_layout_bg_x_mobile&quot;:&quot;&quot;,&quot;jet_parallax_layout_bg_y&quot;:50,&quot;jet_parallax_layout_bg_y_tablet&quot;:&quot;&quot;,&quot;jet_parallax_layout_bg_y_mobile&quot;:&quot;&quot;,&quot;jet_parallax_layout_bg_size&quot;:&quot;auto&quot;,&quot;jet_parallax_layout_bg_size_tablet&quot;:&quot;&quot;,&quot;jet_parallax_layout_bg_size_mobile&quot;:&quot;&quot;,&quot;jet_parallax_layout_animation_prop&quot;:&quot;transform&quot;,&quot;jet_parallax_layout_on&quot;:[&quot;desktop&quot;,&quot;tablet&quot;]}]}\">\n\t\t\t\t\t\t<div class=\"elementor-container elementor-column-gap-default\">\n\t\t\t\t\t<div class=\"elementor-column elementor-col-100 elementor-top-column elementor-element elementor-element-70cc5a8\" data-id=\"70cc5a8\" data-element_type=\"column\">\n\t\t\t<div class=\"elementor-widget-wrap elementor-element-populated\">\n\t\t\t\t\t\t<section class=\"elementor-section elementor-inner-section elementor-element elementor-element-a1e4081 elementor-section-boxed elementor-section-height-default elementor-section-height-default\" data-id=\"a1e4081\" data-element_type=\"section\" data-settings=\"{&quot;jet_parallax_layout_list&quot;:[{&quot;jet_parallax_layout_image&quot;:{&quot;url&quot;:&quot;&quot;,&quot;id&quot;:&quot;&quot;,&quot;size&quot;:&quot;&quot;},&quot;_id&quot;:&quot;d867a49&quot;,&quot;jet_parallax_layout_image_tablet&quot;:{&quot;url&quot;:&quot;&quot;,&quot;id&quot;:&quot;&quot;,&quot;size&quot;:&quot;&quot;},&quot;jet_parallax_layout_image_mobile&quot;:{&quot;url&quot;:&quot;&quot;,&quot;id&quot;:&quot;&quot;,&quot;size&quot;:&quot;&quot;},&quot;jet_parallax_layout_speed&quot;:{&quot;unit&quot;:&quot;%&quot;,&quot;size&quot;:50,&quot;sizes&quot;:[]},&quot;jet_parallax_layout_type&quot;:&quot;scroll&quot;,&quot;jet_parallax_layout_direction&quot;:null,&quot;jet_parallax_layout_fx_direction&quot;:null,&quot;jet_parallax_layout_z_index&quot;:&quot;&quot;,&quot;jet_parallax_layout_bg_x&quot;:50,&quot;jet_parallax_layout_bg_x_tablet&quot;:&quot;&quot;,&quot;jet_parallax_layout_bg_x_mobile&quot;:&quot;&quot;,&quot;jet_parallax_layout_bg_y&quot;:50,&quot;jet_parallax_layout_bg_y_tablet&quot;:&quot;&quot;,&quot;jet_parallax_layout_bg_y_mobile&quot;:&quot;&quot;,&quot;jet_parallax_layout_bg_size&quot;:&quot;auto&quot;,&quot;jet_parallax_layout_bg_size_tablet&quot;:&quot;&quot;,&quot;jet_parallax_layout_bg_size_mobile&quot;:&quot;&quot;,&quot;jet_parallax_layout_animation_prop&quot;:&quot;transform&quot;,&quot;jet_parallax_layout_on&quot;:[&quot;desktop&quot;,&quot;tablet&quot;]}]}\">\n\t\t\t\t\t\t<div class=\"elementor-container elementor-column-gap-default\">\n\t\t\t\t\t<div class=\"elementor-column elementor-col-50 elementor-inner-column elementor-element elementor-element-ee906d1\" data-id=\"ee906d1\" data-element_type=\"column\">\n\t\t\t<div class=\"elementor-widget-wrap elementor-element-populated\">\n\t\t\t\t\t\t<div class=\"elementor-element elementor-element-c882ae0 elementor-widget elementor-widget-spacer\" data-id=\"c882ae0\" data-element_type=\"widget\" data-widget_type=\"spacer.default\">\n\t\t\t\t<div class=\"elementor-widget-container\">\n\t\t\t\t\t\t\t<div class=\"elementor-spacer\">\n\t\t\t<div class=\"elementor-spacer-inner\"><\/div>\n\t\t<\/div>\n\t\t\t\t\t\t<\/div>\n\t\t\t\t<\/div>\n\t\t\t\t<div class=\"elementor-element elementor-element-b095a37 elementor-widget elementor-widget-heading\" data-id=\"b095a37\" data-element_type=\"widget\" data-widget_type=\"heading.default\">\n\t\t\t\t<div class=\"elementor-widget-container\">\n\t\t\t\t\t<h2 class=\"elementor-heading-title elementor-size-default\">Anna Sgarbossa<\/h2>\t\t\t\t<\/div>\n\t\t\t\t<\/div>\n\t\t\t\t<div class=\"elementor-element elementor-element-2f3a836 elementor-widget elementor-widget-text-editor\" data-id=\"2f3a836\" data-element_type=\"widget\" data-widget_type=\"text-editor.default\">\n\t\t\t\t<div class=\"elementor-widget-container\">\n\t\t\t\t\t\t\t\t\tSono nata in una famiglia molto legata alla musica: mio nonno era un direttore, i miei genitori grandi appassionati, e quest&#8217;arte \u00e8 stata mia compagna fedele gi\u00e0 dall&#8217;infanzia. Sono cresciuta a \u201cpane e musica\u201d ma ora posso dire che il binomio che pi\u00f9 mi rappresenta \u00e8 senza dubbio \u201cvino e musica\u201d.\n<br><br>\nSe il mio amore per l\u2019arte dei suoni \u00e8 innato, quello per il vino \u00e8 cresciuto pian piano, mosso dalla mia incontenibile curiosit\u00e0 e dal desiderio di conoscere da vicino un mondo che da sempre mi affascina.\n<br><br>\nUna volta terminata la mia formazione AIS, \u00e8 iniziata la parte pi\u00f9 interessante relativa alla conoscenza del territorio vitivinicolo: visite in cantina, seminari, masterclass mi stanno tuttora travolgendo e mi portano a conoscere da vicino le eccellenze italiane e le loro filosofie aziendali. Un mondo affascinante, sempre in crescita e ricco di emozionanti sfide.\n<br><br>\nNella mia vita, oltre a dedicarmi agli abbinamenti enomusicali, sono da anni insegnante di clarinetto e musicista professionista. La mia esperienza musicale si sviluppa principalmente in ambito cameristico, esibendomi spesso in formazioni ridotte come duo, trio e quartetto ma anche con numerose orchestre fiati nazionali ed internazionali.\t\t\t\t\t\t\t\t<\/div>\n\t\t\t\t<\/div>\n\t\t\t\t\t<\/div>\n\t\t<\/div>\n\t\t\t\t<div class=\"elementor-column elementor-col-50 elementor-inner-column elementor-element elementor-element-37a852e\" data-id=\"37a852e\" data-element_type=\"column\">\n\t\t\t<div class=\"elementor-widget-wrap elementor-element-populated\">\n\t\t\t\t\t\t<div class=\"elementor-element elementor-element-da3c5db elementor-widget elementor-widget-image\" data-id=\"da3c5db\" data-element_type=\"widget\" data-widget_type=\"image.default\">\n\t\t\t\t<div class=\"elementor-widget-container\">\n\t\t\t\t\t\t\t\t\t\t\t\t\t\t\t<img fetchpriority=\"high\" decoding=\"async\" width=\"855\" height=\"1024\" src=\"https:\/\/notedivino.wine\/wp-content\/uploads\/2022\/02\/CHI-SONO-855x1024.jpg\" class=\"attachment-large size-large wp-image-324\" alt=\"\" srcset=\"https:\/\/notedivino.wine\/wp-content\/uploads\/2022\/02\/CHI-SONO-855x1024.jpg 855w, https:\/\/notedivino.wine\/wp-content\/uploads\/2022\/02\/CHI-SONO-251x300.jpg 251w, https:\/\/notedivino.wine\/wp-content\/uploads\/2022\/02\/CHI-SONO-768x920.jpg 768w, https:\/\/notedivino.wine\/wp-content\/uploads\/2022\/02\/CHI-SONO-1283x1536.jpg 1283w, https:\/\/notedivino.wine\/wp-content\/uploads\/2022\/02\/CHI-SONO-1710x2048.jpg 1710w, https:\/\/notedivino.wine\/wp-content\/uploads\/2022\/02\/CHI-SONO.jpg 1920w\" sizes=\"(max-width: 855px) 100vw, 855px\" \/>\t\t\t\t\t\t\t\t\t\t\t\t\t\t\t<\/div>\n\t\t\t\t<\/div>\n\t\t\t\t\t<\/div>\n\t\t<\/div>\n\t\t\t\t\t<\/div>\n\t\t<\/section>\n\t\t\t\t\t<\/div>\n\t\t<\/div>\n\t\t\t\t\t<\/div>\n\t\t<\/section>\n\t\t\t\t<\/div>\n\t\t","protected":false},"excerpt":{"rendered":"<p>Chi sono Sono Anna, musicista e sommelier. Amo valorizzare vini di qualit\u00e0 creando esclusivi abbinamenti enomusicali. Anna Sgarbossa Sono nata in una famiglia molto legata alla musica: mio nonno era un direttore, i miei genitori grandi appassionati, e quest&#8217;arte \u00e8 stata mia compagna fedele gi\u00e0 dall&#8217;infanzia. Sono cresciuta a \u201cpane e musica\u201d ma ora posso [&hellip;]<\/p>\n","protected":false},"author":1,"featured_media":0,"parent":0,"menu_order":0,"comment_status":"closed","ping_status":"closed","template":"elementor_header_footer","meta":{"_acf_changed":false,"footnotes":""},"class_list":["post-140","page","type-page","status-publish","hentry"],"acf":[],"yoast_head":"<!-- This site is optimized with the Yoast SEO plugin v24.3 - https:\/\/yoast.com\/wordpress\/plugins\/seo\/ -->\n<title>Chi sono - Note di Vino<\/title>\n<meta name=\"robots\" content=\"index, follow, max-snippet:-1, max-image-preview:large, max-video-preview:-1\" \/>\n<link rel=\"canonical\" href=\"https:\/\/notedivino.wine\/index.php\/chi-sono\/\" \/>\n<meta property=\"og:locale\" content=\"it_IT\" \/>\n<meta property=\"og:type\" content=\"article\" \/>\n<meta property=\"og:title\" content=\"Chi sono - Note di Vino\" \/>\n<meta property=\"og:description\" content=\"Chi sono Sono Anna, musicista e sommelier. Amo valorizzare vini di qualit\u00e0 creando esclusivi abbinamenti enomusicali. Anna Sgarbossa Sono nata in una famiglia molto legata alla musica: mio nonno era un direttore, i miei genitori grandi appassionati, e quest&#8217;arte \u00e8 stata mia compagna fedele gi\u00e0 dall&#8217;infanzia. Sono cresciuta a \u201cpane e musica\u201d ma ora posso [&hellip;]\" \/>\n<meta property=\"og:url\" content=\"https:\/\/notedivino.wine\/index.php\/chi-sono\/\" \/>\n<meta property=\"og:site_name\" content=\"Note di Vino\" \/>\n<meta property=\"article:modified_time\" content=\"2022-09-10T14:34:12+00:00\" \/>\n<meta property=\"og:image\" content=\"https:\/\/notedivino.wine\/wp-content\/uploads\/2022\/02\/CHI-SONO-855x1024.jpg\" \/>\n<meta name=\"twitter:card\" content=\"summary_large_image\" \/>\n<meta name=\"twitter:label1\" content=\"Tempo di lettura stimato\" \/>\n\t<meta name=\"twitter:data1\" content=\"2 minuti\" \/>\n<script type=\"application\/ld+json\" class=\"yoast-schema-graph\">{\"@context\":\"https:\/\/schema.org\",\"@graph\":[{\"@type\":\"WebPage\",\"@id\":\"https:\/\/notedivino.wine\/index.php\/chi-sono\/\",\"url\":\"https:\/\/notedivino.wine\/index.php\/chi-sono\/\",\"name\":\"Chi sono - Note di Vino\",\"isPartOf\":{\"@id\":\"https:\/\/notedivino.wine\/#website\"},\"primaryImageOfPage\":{\"@id\":\"https:\/\/notedivino.wine\/index.php\/chi-sono\/#primaryimage\"},\"image\":{\"@id\":\"https:\/\/notedivino.wine\/index.php\/chi-sono\/#primaryimage\"},\"thumbnailUrl\":\"https:\/\/notedivino.wine\/wp-content\/uploads\/2022\/02\/CHI-SONO-855x1024.jpg\",\"datePublished\":\"2021-08-01T19:34:57+00:00\",\"dateModified\":\"2022-09-10T14:34:12+00:00\",\"breadcrumb\":{\"@id\":\"https:\/\/notedivino.wine\/index.php\/chi-sono\/#breadcrumb\"},\"inLanguage\":\"it-IT\",\"potentialAction\":[{\"@type\":\"ReadAction\",\"target\":[\"https:\/\/notedivino.wine\/index.php\/chi-sono\/\"]}]},{\"@type\":\"ImageObject\",\"inLanguage\":\"it-IT\",\"@id\":\"https:\/\/notedivino.wine\/index.php\/chi-sono\/#primaryimage\",\"url\":\"https:\/\/notedivino.wine\/wp-content\/uploads\/2022\/02\/CHI-SONO.jpg\",\"contentUrl\":\"https:\/\/notedivino.wine\/wp-content\/uploads\/2022\/02\/CHI-SONO.jpg\",\"width\":1920,\"height\":2299},{\"@type\":\"BreadcrumbList\",\"@id\":\"https:\/\/notedivino.wine\/index.php\/chi-sono\/#breadcrumb\",\"itemListElement\":[{\"@type\":\"ListItem\",\"position\":1,\"name\":\"Home\",\"item\":\"https:\/\/notedivino.wine\/\"},{\"@type\":\"ListItem\",\"position\":2,\"name\":\"Chi sono\"}]},{\"@type\":\"WebSite\",\"@id\":\"https:\/\/notedivino.wine\/#website\",\"url\":\"https:\/\/notedivino.wine\/\",\"name\":\"Note di Vino\",\"description\":\"Vino e musica\",\"potentialAction\":[{\"@type\":\"SearchAction\",\"target\":{\"@type\":\"EntryPoint\",\"urlTemplate\":\"https:\/\/notedivino.wine\/?s={search_term_string}\"},\"query-input\":{\"@type\":\"PropertyValueSpecification\",\"valueRequired\":true,\"valueName\":\"search_term_string\"}}],\"inLanguage\":\"it-IT\"}]}<\/script>\n<!-- \/ Yoast SEO plugin. -->","yoast_head_json":{"title":"Chi sono - Note di Vino","robots":{"index":"index","follow":"follow","max-snippet":"max-snippet:-1","max-image-preview":"max-image-preview:large","max-video-preview":"max-video-preview:-1"},"canonical":"https:\/\/notedivino.wine\/index.php\/chi-sono\/","og_locale":"it_IT","og_type":"article","og_title":"Chi sono - Note di Vino","og_description":"Chi sono Sono Anna, musicista e sommelier. Amo valorizzare vini di qualit\u00e0 creando esclusivi abbinamenti enomusicali. Anna Sgarbossa Sono nata in una famiglia molto legata alla musica: mio nonno era un direttore, i miei genitori grandi appassionati, e quest&#8217;arte \u00e8 stata mia compagna fedele gi\u00e0 dall&#8217;infanzia. Sono cresciuta a \u201cpane e musica\u201d ma ora posso [&hellip;]","og_url":"https:\/\/notedivino.wine\/index.php\/chi-sono\/","og_site_name":"Note di Vino","article_modified_time":"2022-09-10T14:34:12+00:00","og_image":[{"url":"https:\/\/notedivino.wine\/wp-content\/uploads\/2022\/02\/CHI-SONO-855x1024.jpg","type":"","width":"","height":""}],"twitter_card":"summary_large_image","twitter_misc":{"Tempo di lettura stimato":"2 minuti"},"schema":{"@context":"https:\/\/schema.org","@graph":[{"@type":"WebPage","@id":"https:\/\/notedivino.wine\/index.php\/chi-sono\/","url":"https:\/\/notedivino.wine\/index.php\/chi-sono\/","name":"Chi sono - Note di Vino","isPartOf":{"@id":"https:\/\/notedivino.wine\/#website"},"primaryImageOfPage":{"@id":"https:\/\/notedivino.wine\/index.php\/chi-sono\/#primaryimage"},"image":{"@id":"https:\/\/notedivino.wine\/index.php\/chi-sono\/#primaryimage"},"thumbnailUrl":"https:\/\/notedivino.wine\/wp-content\/uploads\/2022\/02\/CHI-SONO-855x1024.jpg","datePublished":"2021-08-01T19:34:57+00:00","dateModified":"2022-09-10T14:34:12+00:00","breadcrumb":{"@id":"https:\/\/notedivino.wine\/index.php\/chi-sono\/#breadcrumb"},"inLanguage":"it-IT","potentialAction":[{"@type":"ReadAction","target":["https:\/\/notedivino.wine\/index.php\/chi-sono\/"]}]},{"@type":"ImageObject","inLanguage":"it-IT","@id":"https:\/\/notedivino.wine\/index.php\/chi-sono\/#primaryimage","url":"https:\/\/notedivino.wine\/wp-content\/uploads\/2022\/02\/CHI-SONO.jpg","contentUrl":"https:\/\/notedivino.wine\/wp-content\/uploads\/2022\/02\/CHI-SONO.jpg","width":1920,"height":2299},{"@type":"BreadcrumbList","@id":"https:\/\/notedivino.wine\/index.php\/chi-sono\/#breadcrumb","itemListElement":[{"@type":"ListItem","position":1,"name":"Home","item":"https:\/\/notedivino.wine\/"},{"@type":"ListItem","position":2,"name":"Chi sono"}]},{"@type":"WebSite","@id":"https:\/\/notedivino.wine\/#website","url":"https:\/\/notedivino.wine\/","name":"Note di Vino","description":"Vino e musica","potentialAction":[{"@type":"SearchAction","target":{"@type":"EntryPoint","urlTemplate":"https:\/\/notedivino.wine\/?s={search_term_string}"},"query-input":{"@type":"PropertyValueSpecification","valueRequired":true,"valueName":"search_term_string"}}],"inLanguage":"it-IT"}]}},"_links":{"self":[{"href":"https:\/\/notedivino.wine\/index.php\/wp-json\/wp\/v2\/pages\/140","targetHints":{"allow":["GET"]}}],"collection":[{"href":"https:\/\/notedivino.wine\/index.php\/wp-json\/wp\/v2\/pages"}],"about":[{"href":"https:\/\/notedivino.wine\/index.php\/wp-json\/wp\/v2\/types\/page"}],"author":[{"embeddable":true,"href":"https:\/\/notedivino.wine\/index.php\/wp-json\/wp\/v2\/users\/1"}],"replies":[{"embeddable":true,"href":"https:\/\/notedivino.wine\/index.php\/wp-json\/wp\/v2\/comments?post=140"}],"version-history":[{"count":82,"href":"https:\/\/notedivino.wine\/index.php\/wp-json\/wp\/v2\/pages\/140\/revisions"}],"predecessor-version":[{"id":885,"href":"https:\/\/notedivino.wine\/index.php\/wp-json\/wp\/v2\/pages\/140\/revisions\/885"}],"wp:attachment":[{"href":"https:\/\/notedivino.wine\/index.php\/wp-json\/wp\/v2\/media?parent=140"}],"curies":[{"name":"wp","href":"https:\/\/api.w.org\/{rel}","templated":true}]}}